{"id":321,"date":"2014-04-01T10:34:44","date_gmt":"2014-04-01T10:34:44","guid":{"rendered":"http:\/\/webdesignskc.com\/xpc\/?page_id=321"},"modified":"2024-02-05T08:32:49","modified_gmt":"2024-02-05T08:32:49","slug":"pc-quote","status":"publish","type":"page","link":"https:\/\/www.xpcmontreal.com\/fr\/pc-quote\/","title":{"rendered":"Obtenir un devis"},"content":{"rendered":"\n<div class=\"wpcf7 no-js\" id=\"wpcf7-f320-o1\" lang=\"en-US\" dir=\"ltr\">\n<div class=\"screen-reader-response\"><p role=\"status\" aria-live=\"polite\" aria-atomic=\"true\"><\/p> <ul><\/ul><\/div>\n<form action=\"\/fr\/wp-json\/wp\/v2\/pages\/321#wpcf7-f320-o1\" method=\"post\" class=\"wpcf7-form init\" aria-label=\"Contact form\" enctype=\"multipart\/form-data\" novalidate=\"novalidate\" data-status=\"init\">\n<div style=\"display: none;\">\n<input type=\"hidden\" name=\"_wpcf7\" value=\"320\" \/>\n<input type=\"hidden\" name=\"_wpcf7_version\" value=\"5.8.7\" \/>\n<input type=\"hidden\" name=\"_wpcf7_locale\" value=\"en_US\" \/>\n<input type=\"hidden\" name=\"_wpcf7_unit_tag\" value=\"wpcf7-f320-o1\" \/>\n<input type=\"hidden\" name=\"_wpcf7_container_post\" value=\"0\" \/>\n<input type=\"hidden\" name=\"_wpcf7_posted_data_hash\" value=\"\" \/>\n<input type=\"hidden\" name=\"_wpcf7_recaptcha_response\" value=\"\" \/>\n<\/div>\n<p style=\"padding-bottom:0px;\"><script type=\"text\/javascript\">\n secondInit = false;\n function checkPass(isSecond){\n if(isSecond)\n {\nsecondInit = true;\n }\nif(!secondInit)\n{\nreturn;\n}\nsubmitbtn = document.getElementById(\"c7submit\");\n \/\/Store the password field objects into variables ...\n var pass1 = document.getElementById('email1');\n var pass2 = document.getElementById('email2');\n \/\/Store the Confimation Message Object ...\n var message = document.getElementById('confirmMessage');\n \/\/Set the colors we will be using ...\n var goodColor = \"#66cc66\";\n var badColor = \"#ff6666\";\n \/\/Compare the values in the password field and the confirmation field\n if(pass1.value == pass2.value){\n \/\/The passwords match.\n \/\/Set good color and inform user of correct password\n pass2.style.backgroundColor = goodColor;\n message.style.color = goodColor;\n message.innerHTML = \"Emails match\"\nsubmitbtn.style.visibility = 'visible';\n }else{\nsubmitbtn.style.visibility = 'hidden';\n \/\/The passwords do not match.\n \/\/Set bad color and notify the user.\n pass2.style.backgroundColor = badColor;\n message.style.color = badColor;\n message.innerHTML = \"Emails do not match\"\n }\n }\n <\/script>\n<\/p>\n<h7>INFORMATION SUR L'ORDINATEUR:\n<\/h7>\n<p>L'appareil \u00e0 r\u00e9parer est un:<br \/>\n<span class=\"wpcf7-form-control-wrap\" data-name=\"desktoporlaptop\"><span class=\"wpcf7-form-control wpcf7-radio\"><span class=\"wpcf7-list-item first\"><input type=\"radio\" name=\"desktoporlaptop\" value=\"Ordinateur de bureau\" \/><span class=\"wpcf7-list-item-label\">Ordinateur de bureau<\/span><\/span><span class=\"wpcf7-list-item last\"><input type=\"radio\" name=\"desktoporlaptop\" value=\"Ordinateur portable\" \/><span class=\"wpcf7-list-item-label\">Ordinateur portable<\/span><\/span><\/span><\/span>\n<\/p>\n<p>Mod\u00e8le:<br \/>\n<span class=\"wpcf7-form-control-wrap\" data-name=\"pc-model\"><input size=\"40\" class=\"wpcf7-form-control wpcf7-text wpcf7-validates-as-required\" aria-required=\"true\" aria-invalid=\"false\" value=\"\" type=\"text\" name=\"pc-model\" \/><\/span>\n<\/p>\n<p><br \/>\nUne photo si vous jugez que c'est utile (2MB maximum):<br \/>\n<span class=\"wpcf7-form-control-wrap\" data-name=\"uploadphoto\"><input size=\"40\" class=\"wpcf7-form-control wpcf7-file\" id=\"photouploadId\" accept=\"audio\/*,video\/*,image\/*\" aria-invalid=\"false\" type=\"file\" name=\"uploadphoto\" \/><\/span>\n<\/p>\n<hr \/>\n<h7>INFORMATION SUR LE PROBL\u00c8ME:\n<\/h7>\n<p>Il s'ajit d'un:<br \/>\n<span class=\"wpcf7-form-control-wrap\" data-name=\"radio-82\"><span class=\"wpcf7-form-control wpcf7-checkbox\"><span class=\"wpcf7-list-item first\"><input type=\"checkbox\" name=\"radio-82[]\" value=\"Probl\u00e8me d&#039;\u00e9cran\" \/><span class=\"wpcf7-list-item-label\">Probl\u00e8me d&#039;\u00e9cran<\/span><\/span><span class=\"wpcf7-list-item\"><input type=\"checkbox\" name=\"radio-82[]\" value=\"Probl\u00e8me de d\u00e9marrage\" \/><span class=\"wpcf7-list-item-label\">Probl\u00e8me de d\u00e9marrage<\/span><\/span><span class=\"wpcf7-list-item\"><input type=\"checkbox\" name=\"radio-82[]\" value=\"Probl\u00e8me logiciel\" \/><span class=\"wpcf7-list-item-label\">Probl\u00e8me logiciel<\/span><\/span><span class=\"wpcf7-list-item\"><input type=\"checkbox\" name=\"radio-82[]\" value=\"Probl\u00e8me de ventilateur\" \/><span class=\"wpcf7-list-item-label\">Probl\u00e8me de ventilateur<\/span><\/span><span class=\"wpcf7-list-item\"><input type=\"checkbox\" name=\"radio-82[]\" value=\"Probl\u00e8me de r\u00e9tro-\u00e9clairage\" \/><span class=\"wpcf7-list-item-label\">Probl\u00e8me de r\u00e9tro-\u00e9clairage<\/span><\/span><span class=\"wpcf7-list-item\"><input type=\"checkbox\" name=\"radio-82[]\" value=\"Probl\u00e8me de disque dur\" \/><span class=\"wpcf7-list-item-label\">Probl\u00e8me de disque dur<\/span><\/span><span class=\"wpcf7-list-item\"><input type=\"checkbox\" name=\"radio-82[]\" value=\"Probl\u00e8me du \u00e0 un renversement de liquide\" \/><span class=\"wpcf7-list-item-label\">Probl\u00e8me du \u00e0 un renversement de liquide<\/span><\/span><span class=\"wpcf7-list-item last\"><input type=\"checkbox\" name=\"radio-82[]\" value=\"Autre(s) probl\u00e8me(s)\" \/><span class=\"wpcf7-list-item-label\">Autre(s) probl\u00e8me(s)<\/span><\/span><\/span><\/span>\n<\/p>\n<p><br \/>\nDescription du probl\u00e8me:<br \/>\n<span class=\"wpcf7-form-control-wrap\" data-name=\"textarea-826\"><textarea cols=\"40\" rows=\"10\" class=\"wpcf7-form-control wpcf7-textarea\" aria-invalid=\"false\" name=\"textarea-826\"><\/textarea><\/span>\n<\/p>\n<hr \/>\n<h7>VOUS \u00caTES?\n<\/h7>\n<p><br \/>\n*Pr\u00e9nom:<br \/>\n<span class=\"wpcf7-form-control-wrap\" data-name=\"text-327\"><input size=\"40\" class=\"wpcf7-form-control wpcf7-text wpcf7-validates-as-required\" aria-required=\"true\" aria-invalid=\"false\" value=\"\" type=\"text\" name=\"text-327\" \/><\/span>\n<\/p>\n<p><br \/>\n*Nom:<br \/>\n<span class=\"wpcf7-form-control-wrap\" data-name=\"text-328\"><input size=\"40\" class=\"wpcf7-form-control wpcf7-text wpcf7-validates-as-required\" aria-required=\"true\" aria-invalid=\"false\" value=\"\" type=\"text\" name=\"text-328\" \/><\/span>\n<\/p>\n<p><br \/>\n<span id=\"confirmMessage\" class=\"confirmMessage\">&nbsp;<\/span>\n<\/p>\n<p><br \/>\n*Courriel:<br \/>\n<span class=\"wpcf7-form-control-wrap\" data-name=\"text-329\"><input size=\"40\" class=\"wpcf7-form-control wpcf7-text wpcf7-validates-as-required\" aria-required=\"true\" aria-invalid=\"false\" value=\"\" type=\"text\" name=\"text-329\" \/><\/span>\n<\/p>\n<p><br \/>\n*Validez le courriel:<br \/>\n<span class=\"wpcf7-form-control-wrap\" data-name=\"text-331\"><input size=\"40\" class=\"wpcf7-form-control wpcf7-text wpcf7-validates-as-required\" aria-required=\"true\" aria-invalid=\"false\" value=\"\" type=\"text\" name=\"text-331\" \/><\/span>\n<\/p>\n<p><br \/>\nT\u00e9l\u00e9phone:<br \/>\n<span class=\"wpcf7-form-control-wrap\" data-name=\"text-330\"><input size=\"40\" class=\"wpcf7-form-control wpcf7-text\" aria-invalid=\"false\" value=\"\" type=\"text\" name=\"text-330\" \/><\/span>\n<\/p>\n<p><br \/>\nVous pr\u00e9f\u00e9rez \u00eatre rejoint par:<br \/>\n<span class=\"wpcf7-form-control-wrap\" data-name=\"radio-711\"><span class=\"wpcf7-form-control wpcf7-radio\"><span class=\"wpcf7-list-item first\"><input type=\"radio\" name=\"radio-711\" value=\"Courriel\" \/><span class=\"wpcf7-list-item-label\">Courriel<\/span><\/span><span class=\"wpcf7-list-item last\"><input type=\"radio\" name=\"radio-711\" value=\"T\u00e9l\u00e9phone\" \/><span class=\"wpcf7-list-item-label\">T\u00e9l\u00e9phone<\/span><\/span><\/span><\/span>\n<\/p>\n<p><input class=\"wpcf7-form-control wpcf7-submit has-spinner button white\" id=\"c7submit\" type=\"submit\" value=\"Envoyer\" \/>\n<\/p><div class=\"wpcf7-response-output\" aria-hidden=\"true\"><\/div>\n<\/form>\n<\/div>\n\n","protected":false},"excerpt":{"rendered":"","protected":false},"author":1,"featured_media":0,"parent":0,"menu_order":0,"comment_status":"open","ping_status":"open","template":"","meta":{"footnotes":""},"acf":[],"_links":{"self":[{"href":"https:\/\/www.xpcmontreal.com\/fr\/wp-json\/wp\/v2\/pages\/321"}],"collection":[{"href":"https:\/\/www.xpcmontreal.com\/fr\/wp-json\/wp\/v2\/pages"}],"about":[{"href":"https:\/\/www.xpcmontreal.com\/fr\/wp-json\/wp\/v2\/types\/page"}],"author":[{"embeddable":true,"href":"https:\/\/www.xpcmontreal.com\/fr\/wp-json\/wp\/v2\/users\/1"}],"replies":[{"embeddable":true,"href":"https:\/\/www.xpcmontreal.com\/fr\/wp-json\/wp\/v2\/comments?post=321"}],"version-history":[{"count":3,"href":"https:\/\/www.xpcmontreal.com\/fr\/wp-json\/wp\/v2\/pages\/321\/revisions"}],"predecessor-version":[{"id":1475,"href":"https:\/\/www.xpcmontreal.com\/fr\/wp-json\/wp\/v2\/pages\/321\/revisions\/1475"}],"wp:attachment":[{"href":"https:\/\/www.xpcmontreal.com\/fr\/wp-json\/wp\/v2\/media?parent=321"}],"curies":[{"name":"wp","href":"https:\/\/api.w.org\/{rel}","templated":true}]}}