{"id":405,"date":"2014-04-10T16:46:17","date_gmt":"2014-04-10T16:46:17","guid":{"rendered":"http:\/\/webdesignskc.com\/xpc\/?page_id=405"},"modified":"2025-01-14T17:16:06","modified_gmt":"2025-01-14T17:16:06","slug":"contact-us","status":"publish","type":"page","link":"https:\/\/www.xpcmontreal.com\/fr\/contact-us\/","title":{"rendered":"Contactez Nous"},"content":{"rendered":"<div class=\"contact-us-left\">\n<div class=\"cont-map\"><iframe loading=\"lazy\" style=\"border: 0;\" src=\"https:\/\/www.google.com\/maps\/embed?pb=!1m18!1m12!1m3!1d2795.586586970082!2d-73.57112970000004!3d45.518400199999995!2m3!1f0!2f0!3f0!3m2!1i1024!2i768!4f13.1!3m3!1m2!1s0x4cc91bca61d931ab%3A0x795e524aae23c50b!2s3700+Rue+Saint-Denis%2C+Montr%C3%A9al%2C+QC+H2X+3L7!5e0!3m2!1sfr!2sca!4v1424855993158\" width=\"400\" height=\"400\" frameborder=\"0\"><\/iframe><\/div>\n<\/div>\n<div class=\"contact-us-right\">\n<p style=\"font-size: 20px; line-height: 26px;\"><b style=\"color: #de1127;\">Adresse:<\/b><br \/>\nXPC Montr\u00e9al<br \/>\n3700 St-Denis<br \/>\nMontr\u00e9al, Qc<br \/>\nH2X-3L7<\/p>\n<p><b style=\"color: #de1127;\">T\u00e9l\u00e9phone:<\/b><br \/>\n<a href=\"tel:5142840001\">514 284 0001<\/a><\/p>\n<p style=\"font-size: 20px; line-height: 30px;\"><b style=\"color: #de1127;\">Heures d\u2019ouverture:<\/b><br \/>\nLundi au Vendredi: 10H30 &#8211; 18H00<br \/>\nSamedi: 10H30 &#8211; 17H00<br \/>\nDimanche: Ferm\u00e9<\/p>\n<p><a class=\"ptbkbtn\" style=\"float: none;\" href=\"https:\/\/www.picktime.com\/5d4b3741-11f5-4602-9813-6e2803368f0a\" target=\"_blank\" rel=\"noopener\">Prendre rendez-vous <img decoding=\"async\" src=\"https:\/\/www.xpcmontreal.com\/wp-content\/uploads\/2024\/02\/cal-icon-1.png\" \/><\/a> <a class=\"ptbkbtn\" style=\"float: none;\" href=\"http:\/\/www.xpcmontreal.com\/fr\/get-quote\/\" target=\"_blank\" rel=\"noopener\">Devis pour r\u00e9paration<\/a>\n<\/div>\n<div class=\"contact-us-form-wrap\">\n<h1>CONTACTEZ-NOUS<\/h1>\n\n<div class=\"wpcf7 no-js\" id=\"wpcf7-f235-o1\" lang=\"fr-FR\" dir=\"ltr\">\n<div class=\"screen-reader-response\"><p role=\"status\" aria-live=\"polite\" aria-atomic=\"true\"><\/p> <ul><\/ul><\/div>\n<form action=\"\/fr\/wp-json\/wp\/v2\/pages\/405#wpcf7-f235-o1\" method=\"post\" class=\"wpcf7-form init\" aria-label=\"Formulaire de contact\" novalidate=\"novalidate\" data-status=\"init\">\n<div style=\"display: none;\">\n<input type=\"hidden\" name=\"_wpcf7\" value=\"235\" \/>\n<input type=\"hidden\" name=\"_wpcf7_version\" value=\"5.8.7\" \/>\n<input type=\"hidden\" name=\"_wpcf7_locale\" value=\"fr_FR\" \/>\n<input type=\"hidden\" name=\"_wpcf7_unit_tag\" value=\"wpcf7-f235-o1\" \/>\n<input type=\"hidden\" name=\"_wpcf7_container_post\" value=\"0\" \/>\n<input type=\"hidden\" name=\"_wpcf7_posted_data_hash\" value=\"\" \/>\n<input type=\"hidden\" name=\"_wpcf7_recaptcha_response\" value=\"\" \/>\n<\/div>\n<p>Nom\n<\/p>\n<p><span class=\"wpcf7-form-control-wrap\" data-name=\"your-name\"><input size=\"40\" class=\"wpcf7-form-control wpcf7-text wpcf7-validates-as-required\" aria-required=\"true\" aria-invalid=\"false\" value=\"\" type=\"text\" name=\"your-name\" \/><\/span>\n<\/p>\n<p>Adresse courriel\n<\/p>\n<p><span class=\"wpcf7-form-control-wrap\" data-name=\"your-email\"><input size=\"40\" class=\"wpcf7-form-control wpcf7-email wpcf7-validates-as-required wpcf7-text wpcf7-validates-as-email\" aria-required=\"true\" aria-invalid=\"false\" value=\"\" type=\"email\" name=\"your-email\" \/><\/span>\n<\/p>\n<p>Demande de renseignements\n<\/p>\n<p><span class=\"wpcf7-form-control-wrap\" data-name=\"your-message\"><textarea cols=\"40\" rows=\"10\" class=\"wpcf7-form-control wpcf7-textarea\" aria-invalid=\"false\" name=\"your-message\"><\/textarea><\/span>\n<\/p>\n<p><input class=\"wpcf7-form-control wpcf7-submit has-spinner\" type=\"submit\" value=\"envoyer\" \/>\n<\/p><div class=\"wpcf7-response-output\" aria-hidden=\"true\"><\/div>\n<\/form>\n<\/div>\n<\/div>\n","protected":false},"excerpt":{"rendered":"<p>Adresse: XPC Montr\u00e9al 3700 St-Denis Montr\u00e9al, Qc H2X-3L7 T\u00e9l\u00e9phone: 514 284 0001 Heures d\u2019ouverture: Lundi au Vendredi: 10H30 &#8211; 18H00 Samedi: 10H30 &#8211; 17H00 Dimanche: Ferm\u00e9 Prendre rendez-vous Devis pour r\u00e9paration CONTACTEZ-NOUS<\/p>\n","protected":false},"author":1,"featured_media":0,"parent":0,"menu_order":0,"comment_status":"open","ping_status":"closed","template":"","meta":{"footnotes":""},"acf":[],"_links":{"self":[{"href":"https:\/\/www.xpcmontreal.com\/fr\/wp-json\/wp\/v2\/pages\/405"}],"collection":[{"href":"https:\/\/www.xpcmontreal.com\/fr\/wp-json\/wp\/v2\/pages"}],"about":[{"href":"https:\/\/www.xpcmontreal.com\/fr\/wp-json\/wp\/v2\/types\/page"}],"author":[{"embeddable":true,"href":"https:\/\/www.xpcmontreal.com\/fr\/wp-json\/wp\/v2\/users\/1"}],"replies":[{"embeddable":true,"href":"https:\/\/www.xpcmontreal.com\/fr\/wp-json\/wp\/v2\/comments?post=405"}],"version-history":[{"count":26,"href":"https:\/\/www.xpcmontreal.com\/fr\/wp-json\/wp\/v2\/pages\/405\/revisions"}],"predecessor-version":[{"id":2447,"href":"https:\/\/www.xpcmontreal.com\/fr\/wp-json\/wp\/v2\/pages\/405\/revisions\/2447"}],"wp:attachment":[{"href":"https:\/\/www.xpcmontreal.com\/fr\/wp-json\/wp\/v2\/media?parent=405"}],"curies":[{"name":"wp","href":"https:\/\/api.w.org\/{rel}","templated":true}]}}