{"id":1672,"date":"2024-02-08T08:22:18","date_gmt":"2024-02-08T08:22:18","guid":{"rendered":"https:\/\/www.xpcmontreal.com\/wpml\/product\/dell-latitude-7400\/"},"modified":"2025-11-26T22:18:00","modified_gmt":"2025-11-26T22:18:00","slug":"dell-latitude-7400","status":"publish","type":"product","link":"https:\/\/www.xpcmontreal.com\/fr\/produit\/dell-latitude-7400\/","title":{"rendered":"DELL LATITUDE 7400"},"content":{"rendered":"<p>Moniteur: 14\u2033<br \/>\nCarte vid\u00e9o: Intel UHD Graphics 620<br \/>\nR\u00e9solution: 1920\u00d71080<br \/>\nLecteur optique: non<br \/>\nWi-Fi: Oui<br \/>\nChargeur: Inclus<br \/>\nSyst\u00e8me d\u2019op\u00e9ration: Windows 11 Pro<br \/>\n\u00c9tat cosm\u00e9tique: A<br \/>\nCondition: Usag\u00e9<br \/>\nGarantie: 90 jours<br \/>\nConnexion HDMI : oui<br \/>\nConnexion USB-C: oui<\/p>\n","protected":false},"excerpt":{"rendered":"<p>Moniteur: 14\u2033 Carte vid\u00e9o: Intel UHD Graphics 620 R\u00e9solution: 1920\u00d71080 Lecteur optique: non Wi-Fi: Oui Chargeur: Inclus Syst\u00e8me d\u2019op\u00e9ration: Windows 11 Pro \u00c9tat cosm\u00e9tique: A Condition: Usag\u00e9 Garantie: 90 jours Connexion HDMI : oui Connexion USB-C: oui<\/p>\n","protected":false},"featured_media":1313,"comment_status":"open","ping_status":"closed","template":"","meta":[],"product_cat":[139],"product_tag":[],"acf":[],"_links":{"self":[{"href":"https:\/\/www.xpcmontreal.com\/fr\/wp-json\/wp\/v2\/product\/1672"}],"collection":[{"href":"https:\/\/www.xpcmontreal.com\/fr\/wp-json\/wp\/v2\/product"}],"about":[{"href":"https:\/\/www.xpcmontreal.com\/fr\/wp-json\/wp\/v2\/types\/product"}],"replies":[{"embeddable":true,"href":"https:\/\/www.xpcmontreal.com\/fr\/wp-json\/wp\/v2\/comments?post=1672"}],"wp:featuredmedia":[{"embeddable":true,"href":"https:\/\/www.xpcmontreal.com\/fr\/wp-json\/wp\/v2\/media\/1313"}],"wp:attachment":[{"href":"https:\/\/www.xpcmontreal.com\/fr\/wp-json\/wp\/v2\/media?parent=1672"}],"wp:term":[{"taxonomy":"product_cat","embeddable":true,"href":"https:\/\/www.xpcmontreal.com\/fr\/wp-json\/wp\/v2\/product_cat?post=1672"},{"taxonomy":"product_tag","embeddable":true,"href":"https:\/\/www.xpcmontreal.com\/fr\/wp-json\/wp\/v2\/product_tag?post=1672"}],"curies":[{"name":"wp","href":"https:\/\/api.w.org\/{rel}","templated":true}]}}