{"id":1749,"date":"2024-02-08T10:37:02","date_gmt":"2024-02-08T10:37:02","guid":{"rendered":"https:\/\/www.xpcmontreal.com\/wpml\/product\/kaspersky-anti-virus\/"},"modified":"2024-02-12T21:42:09","modified_gmt":"2024-02-12T21:42:09","slug":"kaspersky-anti-virus","status":"publish","type":"product","link":"https:\/\/www.xpcmontreal.com\/fr\/produit\/kaspersky-anti-virus\/","title":{"rendered":"KASPERSKY ANTI-VIRUS"},"content":{"rendered":"<p>Kaspersky Anti-Virus\u00a0 \u2013 3 utilisateurs \u2013 1 an<br \/>\nKaspersky Anti-Virus prot\u00e8ge votre ordinateur contre les logiciels malveillants et les virus les plus r\u00e9cents. Il offre une protection en temps r\u00e9el, ce qui bloque les menaces potentielles et les actions dangereuses avant qu\u2019elles ne puissent faire des dommages. Le logiciel Kaspersky est optimis\u00e9 pour donner \u00e0 vos clients la protection dont ils ont besoin sans ralentir leur ordinateur.<br \/>\nCaract\u00e9ristiques du produit<br \/>\n\u2022 Offre une protection en temps r\u00e9el, combinant la puissance des technologies en nuage et une s\u00e9curit\u00e9 sophistiqu\u00e9e bas\u00e9e sur ordinateur<br \/>\n\u2022 Prot\u00e8ge vos clients contre les logiciels malveillants et autres menaces pr\u00e9sentes sur Internet<br \/>\n\u2022 Les menaces potentielles sont surveill\u00e9es et analys\u00e9es sur le vif, et les actions dangereuses sont compl\u00e8tement bloqu\u00e9es avant qu\u2019elles ne puissent faire des dommages<br \/>\n\u2022 Avec la protection Web int\u00e9gr\u00e9e, le logiciel v\u00e9rifie chaque site visit\u00e9 par vos clients sur leur ordinateur pour s\u2019assurer qu\u2019il est s\u00e9curitaire et exempt de programmes malveillants<br \/>\n\u2022 Prot\u00e9gez votre identit\u00e9 num\u00e9rique avec la meilleure protection de l\u2019industrie contre l\u2019hame\u00e7onnage et le vol d\u2019identit\u00e9<br \/>\n\u2022 Le syst\u00e8me de retour en arri\u00e8re permet aux utilisateurs d\u2019inverser les effets des logiciels malveillants<\/p>\n","protected":false},"excerpt":{"rendered":"<p>Kaspersky Anti-Virus\u00a0 \u2013 3 utilisateurs \u2013 1 an Kaspersky Anti-Virus prot\u00e8ge votre ordinateur contre les logiciels malveillants et les virus les plus r\u00e9cents. Il offre une protection en temps r\u00e9el, ce qui bloque les menaces potentielles et les actions dangereuses avant qu\u2019elles ne puissent faire des dommages. Le logiciel Kaspersky est optimis\u00e9 pour donner \u00e0 [&hellip;]<\/p>\n","protected":false},"featured_media":1200,"comment_status":"open","ping_status":"closed","template":"","meta":[],"product_cat":[143],"product_tag":[],"acf":[],"_links":{"self":[{"href":"https:\/\/www.xpcmontreal.com\/fr\/wp-json\/wp\/v2\/product\/1749"}],"collection":[{"href":"https:\/\/www.xpcmontreal.com\/fr\/wp-json\/wp\/v2\/product"}],"about":[{"href":"https:\/\/www.xpcmontreal.com\/fr\/wp-json\/wp\/v2\/types\/product"}],"replies":[{"embeddable":true,"href":"https:\/\/www.xpcmontreal.com\/fr\/wp-json\/wp\/v2\/comments?post=1749"}],"wp:featuredmedia":[{"embeddable":true,"href":"https:\/\/www.xpcmontreal.com\/fr\/wp-json\/wp\/v2\/media\/1200"}],"wp:attachment":[{"href":"https:\/\/www.xpcmontreal.com\/fr\/wp-json\/wp\/v2\/media?parent=1749"}],"wp:term":[{"taxonomy":"product_cat","embeddable":true,"href":"https:\/\/www.xpcmontreal.com\/fr\/wp-json\/wp\/v2\/product_cat?post=1749"},{"taxonomy":"product_tag","embeddable":true,"href":"https:\/\/www.xpcmontreal.com\/fr\/wp-json\/wp\/v2\/product_tag?post=1749"}],"curies":[{"name":"wp","href":"https:\/\/api.w.org\/{rel}","templated":true}]}}