{"id":1763,"date":"2024-02-08T10:56:18","date_gmt":"2024-02-08T10:56:18","guid":{"rendered":"https:\/\/www.xpcmontreal.com\/wpml\/product\/apple-60-w-magsafe-2-power-adapter\/"},"modified":"2024-02-08T10:57:05","modified_gmt":"2024-02-08T10:57:05","slug":"apple-60-w-magsafe-2-power-adapter","status":"publish","type":"product","link":"https:\/\/www.xpcmontreal.com\/fr\/produit\/apple-60-w-magsafe-2-power-adapter\/","title":{"rendered":"ADAPTATEUR D\u2019ALIMENTATION 60 W MAGSAFE 2 D\u2019APPLE"},"content":{"rendered":"<ul>\n<li style=\"list-style-type: none;\">\n<ul>\n<li>L\u2019adaptateur aimant\u00e9 pr\u00e9vient aussi l\u2019usure et l\u2019affaiblissement du c\u00e2ble avec le temps.<\/li>\n<\/ul>\n<\/li>\n<\/ul>\n<ul>\n<li style=\"list-style-type: none;\">\n<ul>\n<li>Voyant \u00e0 DEL lorsque connect\u00e9 : voyant ambr\u00e9 indiquant la charge, voyant vert indiquant une charge compl\u00e8te<\/li>\n<\/ul>\n<\/li>\n<\/ul>\n<ul>\n<li style=\"list-style-type: none;\">\n<ul>\n<li>Cordon CA offrant une plus grande libert\u00e9 et adaptateur CA mural pour une portabilit\u00e9 simplifi\u00e9e<\/li>\n<\/ul>\n<\/li>\n<\/ul>\n<ul>\n<li style=\"list-style-type: none;\">\n<ul>\n<li>C\u00e2ble DC s\u2019enroulant sur lui-m\u00eame pour un rangement simple et propre<\/li>\n<\/ul>\n<\/li>\n<\/ul>\n<ul>\n<li style=\"list-style-type: none;\">\n<ul>\n<li>Charge la pile du MacBook Pro allum\u00e9, \u00e9teint ou en mode veille<\/li>\n<\/ul>\n<\/li>\n<\/ul>\n<div class=\"product-tec-details\"><\/div>\n","protected":false},"excerpt":{"rendered":"<p>L\u2019adaptateur aimant\u00e9 pr\u00e9vient aussi l\u2019usure et l\u2019affaiblissement du c\u00e2ble avec le temps. Voyant \u00e0 DEL lorsque connect\u00e9 : voyant ambr\u00e9 indiquant la charge, voyant vert indiquant une charge compl\u00e8te Cordon CA offrant une plus grande libert\u00e9 et adaptateur CA mural pour une portabilit\u00e9 simplifi\u00e9e C\u00e2ble DC s\u2019enroulant sur lui-m\u00eame pour un rangement simple et propre [&hellip;]<\/p>\n","protected":false},"featured_media":2379,"comment_status":"open","ping_status":"closed","template":"","meta":[],"product_cat":[142],"product_tag":[],"acf":[],"_links":{"self":[{"href":"https:\/\/www.xpcmontreal.com\/fr\/wp-json\/wp\/v2\/product\/1763"}],"collection":[{"href":"https:\/\/www.xpcmontreal.com\/fr\/wp-json\/wp\/v2\/product"}],"about":[{"href":"https:\/\/www.xpcmontreal.com\/fr\/wp-json\/wp\/v2\/types\/product"}],"replies":[{"embeddable":true,"href":"https:\/\/www.xpcmontreal.com\/fr\/wp-json\/wp\/v2\/comments?post=1763"}],"wp:featuredmedia":[{"embeddable":true,"href":"https:\/\/www.xpcmontreal.com\/fr\/wp-json\/wp\/v2\/media\/2379"}],"wp:attachment":[{"href":"https:\/\/www.xpcmontreal.com\/fr\/wp-json\/wp\/v2\/media?parent=1763"}],"wp:term":[{"taxonomy":"product_cat","embeddable":true,"href":"https:\/\/www.xpcmontreal.com\/fr\/wp-json\/wp\/v2\/product_cat?post=1763"},{"taxonomy":"product_tag","embeddable":true,"href":"https:\/\/www.xpcmontreal.com\/fr\/wp-json\/wp\/v2\/product_tag?post=1763"}],"curies":[{"name":"wp","href":"https:\/\/api.w.org\/{rel}","templated":true}]}}