{"id":2356,"date":"2024-07-26T21:00:44","date_gmt":"2024-07-26T21:00:44","guid":{"rendered":"https:\/\/www.xpcmontreal.com\/?post_type=product&#038;p=2356"},"modified":"2024-07-26T21:12:31","modified_gmt":"2024-07-26T21:12:31","slug":"lenovo-thinkpad-t490s","status":"publish","type":"product","link":"https:\/\/www.xpcmontreal.com\/fr\/produit\/lenovo-thinkpad-t490s\/","title":{"rendered":"LENOVO THINKPAD T490s"},"content":{"rendered":"<p>\u00c9cran: 14\u2033<br \/>\nCarte vid\u00e9o: Intel HD Graphics<br \/>\nR\u00e9solution: 1920\u00d71080<br \/>\nLecteur optique: non<br \/>\nWi-Fi: Oui<br \/>\nChargeur: Inclus<br \/>\nSyst\u00e8me d\u2019op\u00e9ration: Windows 11 Pro<br \/>\n\u00c9tat cosm\u00e9tique: A<br \/>\nCondition: Usag\u00e9<br \/>\nGarantie: 90 jours<br \/>\nConnexion HDMI : Oui<\/p>\n","protected":false},"excerpt":{"rendered":"<p>\u00c9cran: 14\u2033 Carte vid\u00e9o: Intel HD Graphics R\u00e9solution: 1920\u00d71080 Lecteur optique: non Wi-Fi: Oui Chargeur: Inclus Syst\u00e8me d\u2019op\u00e9ration: Windows 11 Pro \u00c9tat cosm\u00e9tique: A Condition: Usag\u00e9 Garantie: 90 jours Connexion HDMI : Oui<\/p>\n","protected":false},"featured_media":2358,"comment_status":"open","ping_status":"closed","template":"","meta":[],"product_cat":[139],"product_tag":[],"acf":[],"_links":{"self":[{"href":"https:\/\/www.xpcmontreal.com\/fr\/wp-json\/wp\/v2\/product\/2356"}],"collection":[{"href":"https:\/\/www.xpcmontreal.com\/fr\/wp-json\/wp\/v2\/product"}],"about":[{"href":"https:\/\/www.xpcmontreal.com\/fr\/wp-json\/wp\/v2\/types\/product"}],"replies":[{"embeddable":true,"href":"https:\/\/www.xpcmontreal.com\/fr\/wp-json\/wp\/v2\/comments?post=2356"}],"wp:featuredmedia":[{"embeddable":true,"href":"https:\/\/www.xpcmontreal.com\/fr\/wp-json\/wp\/v2\/media\/2358"}],"wp:attachment":[{"href":"https:\/\/www.xpcmontreal.com\/fr\/wp-json\/wp\/v2\/media?parent=2356"}],"wp:term":[{"taxonomy":"product_cat","embeddable":true,"href":"https:\/\/www.xpcmontreal.com\/fr\/wp-json\/wp\/v2\/product_cat?post=2356"},{"taxonomy":"product_tag","embeddable":true,"href":"https:\/\/www.xpcmontreal.com\/fr\/wp-json\/wp\/v2\/product_tag?post=2356"}],"curies":[{"name":"wp","href":"https:\/\/api.w.org\/{rel}","templated":true}]}}