{"id":2386,"date":"2024-10-01T15:42:53","date_gmt":"2024-10-01T15:42:53","guid":{"rendered":"https:\/\/www.xpcmontreal.com\/?post_type=product&#038;p=2386"},"modified":"2024-10-01T15:51:37","modified_gmt":"2024-10-01T15:51:37","slug":"67w-fr","status":"publish","type":"product","link":"https:\/\/www.xpcmontreal.com\/fr\/produit\/67w-fr\/","title":{"rendered":"ADAPTATEUR DE COURANT USB-C DE 67W D\u2019APPLE (AVEC CABLE)"},"content":{"rendered":"<p>L\u2019adaptateur d\u2019alimentation USB-C 67 W assure une recharge rapide et efficace de vos appareils, que vous soyez \u00e0 la maison, au bureau ou en d\u00e9placement. Il est compatible avec certains des appareils \u00e0 port USB-C. (MacBook Pro 13\u00a0\u00bb 2016+, iPhone 15+, certains iPad Pro). Il vous permet aussi de profiter de la fonctionnalit\u00e9 de recharge rapide avec certains mod\u00e8les d\u2019iPhone et iPad Pro.<\/p>\n","protected":false},"excerpt":{"rendered":"<p>L\u2019adaptateur d\u2019alimentation USB-C 67 W assure une recharge rapide et efficace de vos appareils, que vous soyez \u00e0 la maison, au bureau ou en d\u00e9placement. Il est compatible avec certains des appareils \u00e0 port USB-C. (MacBook Pro 13\u00a0\u00bb 2016+, iPhone 15+, certains iPad Pro). Il vous permet aussi de profiter de la fonctionnalit\u00e9 de recharge [&hellip;]<\/p>\n","protected":false},"featured_media":2388,"comment_status":"open","ping_status":"closed","template":"","meta":[],"product_cat":[142],"product_tag":[],"acf":[],"_links":{"self":[{"href":"https:\/\/www.xpcmontreal.com\/fr\/wp-json\/wp\/v2\/product\/2386"}],"collection":[{"href":"https:\/\/www.xpcmontreal.com\/fr\/wp-json\/wp\/v2\/product"}],"about":[{"href":"https:\/\/www.xpcmontreal.com\/fr\/wp-json\/wp\/v2\/types\/product"}],"replies":[{"embeddable":true,"href":"https:\/\/www.xpcmontreal.com\/fr\/wp-json\/wp\/v2\/comments?post=2386"}],"wp:featuredmedia":[{"embeddable":true,"href":"https:\/\/www.xpcmontreal.com\/fr\/wp-json\/wp\/v2\/media\/2388"}],"wp:attachment":[{"href":"https:\/\/www.xpcmontreal.com\/fr\/wp-json\/wp\/v2\/media?parent=2386"}],"wp:term":[{"taxonomy":"product_cat","embeddable":true,"href":"https:\/\/www.xpcmontreal.com\/fr\/wp-json\/wp\/v2\/product_cat?post=2386"},{"taxonomy":"product_tag","embeddable":true,"href":"https:\/\/www.xpcmontreal.com\/fr\/wp-json\/wp\/v2\/product_tag?post=2386"}],"curies":[{"name":"wp","href":"https:\/\/api.w.org\/{rel}","templated":true}]}}