{"id":2390,"date":"2024-10-01T15:52:18","date_gmt":"2024-10-01T15:52:18","guid":{"rendered":"https:\/\/www.xpcmontreal.com\/?post_type=product&#038;p=2390"},"modified":"2024-10-02T14:43:46","modified_gmt":"2024-10-02T14:43:46","slug":"96w-fr","status":"publish","type":"product","link":"https:\/\/www.xpcmontreal.com\/fr\/produit\/96w-fr\/","title":{"rendered":"ADAPTATEUR DE COURANT USB-C DE 96W D\u2019APPLE (AVEC CABLE)"},"content":{"rendered":"<p>L\u2019adaptateur d\u2019alimentation USB-C 96 W assure une recharge rapide et efficace de vos appareils, que vous soyez \u00e0 la maison, au bureau ou en d\u00e9placement. Il est compatible avec la plupart des appareils \u00e0 port USB-C. (MacBook Pro 14, 15, 16 pouces, iPhone 15+, certains iPad Pro). Il vous permet aussi de profiter de la fonctionnalit\u00e9 de recharge rapide avec certains mod\u00e8les d\u2019iPhone et iPad Pro.<\/p>\n","protected":false},"excerpt":{"rendered":"<p>L\u2019adaptateur d\u2019alimentation USB-C 96 W assure une recharge rapide et efficace de vos appareils, que vous soyez \u00e0 la maison, au bureau ou en d\u00e9placement. Il est compatible avec la plupart des appareils \u00e0 port USB-C. (MacBook Pro 14, 15, 16 pouces, iPhone 15+, certains iPad Pro). Il vous permet aussi de profiter de la [&hellip;]<\/p>\n","protected":false},"featured_media":2392,"comment_status":"open","ping_status":"closed","template":"","meta":[],"product_cat":[142],"product_tag":[],"acf":[],"_links":{"self":[{"href":"https:\/\/www.xpcmontreal.com\/fr\/wp-json\/wp\/v2\/product\/2390"}],"collection":[{"href":"https:\/\/www.xpcmontreal.com\/fr\/wp-json\/wp\/v2\/product"}],"about":[{"href":"https:\/\/www.xpcmontreal.com\/fr\/wp-json\/wp\/v2\/types\/product"}],"replies":[{"embeddable":true,"href":"https:\/\/www.xpcmontreal.com\/fr\/wp-json\/wp\/v2\/comments?post=2390"}],"wp:featuredmedia":[{"embeddable":true,"href":"https:\/\/www.xpcmontreal.com\/fr\/wp-json\/wp\/v2\/media\/2392"}],"wp:attachment":[{"href":"https:\/\/www.xpcmontreal.com\/fr\/wp-json\/wp\/v2\/media?parent=2390"}],"wp:term":[{"taxonomy":"product_cat","embeddable":true,"href":"https:\/\/www.xpcmontreal.com\/fr\/wp-json\/wp\/v2\/product_cat?post=2390"},{"taxonomy":"product_tag","embeddable":true,"href":"https:\/\/www.xpcmontreal.com\/fr\/wp-json\/wp\/v2\/product_tag?post=2390"}],"curies":[{"name":"wp","href":"https:\/\/api.w.org\/{rel}","templated":true}]}}