{"id":2494,"date":"2025-04-17T16:44:54","date_gmt":"2025-04-17T16:44:54","guid":{"rendered":"https:\/\/www.xpcmontreal.com\/?post_type=product&#038;p=2494"},"modified":"2025-04-17T16:55:59","modified_gmt":"2025-04-17T16:55:59","slug":"dell-optiplex-7010-sff","status":"publish","type":"product","link":"https:\/\/www.xpcmontreal.com\/fr\/produit\/dell-optiplex-7010-sff\/","title":{"rendered":"DELL OPTIPLEX 7010 (SFF)"},"content":{"rendered":"<p>Carte vid\u00e9o : Intel HD<br \/>\nTaille : compact (SFF)<br \/>\nHDMI: non<br \/>\nDisplayPort: oui<br \/>\nVGA: oui<br \/>\nLecteur optique: DVD-ROM (lit CD et DVD)<br \/>\nWi-Fi: Non<br \/>\nPorts USB: 10<br \/>\nCarte r\u00e9seau : 1000mbps<br \/>\nSyst\u00e8me d\u2019op\u00e9ration: Windows 10 Pro<br \/>\n\u00c9tat cosm\u00e9tique: A<br \/>\nCondition: Usag\u00e9<br \/>\nGarantie: 90 jours<\/p>\n","protected":false},"excerpt":{"rendered":"<p>Carte vid\u00e9o : Intel HD Taille : compact (SFF) HDMI: non DisplayPort: oui VGA: oui Lecteur optique: DVD-ROM (lit CD et DVD) Wi-Fi: Non Ports USB: 10 Carte r\u00e9seau : 1000mbps Syst\u00e8me d\u2019op\u00e9ration: Windows 10 Pro \u00c9tat cosm\u00e9tique: A Condition: Usag\u00e9 Garantie: 90 jours<\/p>\n","protected":false},"featured_media":1338,"comment_status":"open","ping_status":"closed","template":"","meta":[],"product_cat":[144],"product_tag":[],"acf":[],"_links":{"self":[{"href":"https:\/\/www.xpcmontreal.com\/fr\/wp-json\/wp\/v2\/product\/2494"}],"collection":[{"href":"https:\/\/www.xpcmontreal.com\/fr\/wp-json\/wp\/v2\/product"}],"about":[{"href":"https:\/\/www.xpcmontreal.com\/fr\/wp-json\/wp\/v2\/types\/product"}],"replies":[{"embeddable":true,"href":"https:\/\/www.xpcmontreal.com\/fr\/wp-json\/wp\/v2\/comments?post=2494"}],"wp:featuredmedia":[{"embeddable":true,"href":"https:\/\/www.xpcmontreal.com\/fr\/wp-json\/wp\/v2\/media\/1338"}],"wp:attachment":[{"href":"https:\/\/www.xpcmontreal.com\/fr\/wp-json\/wp\/v2\/media?parent=2494"}],"wp:term":[{"taxonomy":"product_cat","embeddable":true,"href":"https:\/\/www.xpcmontreal.com\/fr\/wp-json\/wp\/v2\/product_cat?post=2494"},{"taxonomy":"product_tag","embeddable":true,"href":"https:\/\/www.xpcmontreal.com\/fr\/wp-json\/wp\/v2\/product_tag?post=2494"}],"curies":[{"name":"wp","href":"https:\/\/api.w.org\/{rel}","templated":true}]}}