{"id":2535,"date":"2025-09-25T19:38:10","date_gmt":"2025-09-25T19:38:10","guid":{"rendered":"https:\/\/www.xpcmontreal.com\/?post_type=product&#038;p=2535"},"modified":"2025-09-25T20:01:32","modified_gmt":"2025-09-25T20:01:32","slug":"ecran-24-pouces-dell-u2415","status":"publish","type":"product","link":"https:\/\/www.xpcmontreal.com\/fr\/produit\/ecran-24-pouces-dell-u2415\/","title":{"rendered":"\u00c9CRAN 24 POUCES DELL U2415"},"content":{"rendered":"<p>CARACT\u00c9RISTIQUES :<\/p>\n<div class=\"lRu31\" dir=\"ltr\">\n<p><span class=\"HwtZe\" lang=\"fr\"><span class=\"jCAhz JpY6Fd\"><span class=\"ryNqvb\">Affichage quasiment sans bordure, id\u00e9al pour une configuration multi-\u00e9crans\u00a0;<\/span><\/span> <span class=\"jCAhz ChMk0b\"><span class=\"ryNqvb\">le moniteur U2415 16:10 offre une r\u00e9solution verticale plus \u00e9lev\u00e9e. Fonctionnalit\u00e9s enti\u00e8rement r\u00e9glables : inclinaison, rotation et r\u00e9glage en hauteur, y compris rotation \u00e0 90 degr\u00e9s dans le sens horaire ou antihoraire. Connectez-vous simultan\u00e9ment et en toute fluidit\u00e9 \u00e0 d&rsquo;autres p\u00e9riph\u00e9riques sans compromettre la qualit\u00e9 d&rsquo;image gr\u00e2ce \u00e0 la connectivit\u00e9 num\u00e9rique.<\/span><\/span><\/span><\/p>\n<div class=\"NQSJo\"><\/div>\n<\/div>\n<div class=\"UdTY9 WdefRb\" aria-hidden=\"true\" data-location=\"2\">\n<div class=\"kO6q6e\"><\/div>\n<\/div>\n","protected":false},"excerpt":{"rendered":"<p>CARACT\u00c9RISTIQUES : Affichage quasiment sans bordure, id\u00e9al pour une configuration multi-\u00e9crans\u00a0; le moniteur U2415 16:10 offre une r\u00e9solution verticale plus \u00e9lev\u00e9e. Fonctionnalit\u00e9s enti\u00e8rement r\u00e9glables : inclinaison, rotation et r\u00e9glage en hauteur, y compris rotation \u00e0 90 degr\u00e9s dans le sens horaire ou antihoraire. Connectez-vous simultan\u00e9ment et en toute fluidit\u00e9 \u00e0 d&rsquo;autres p\u00e9riph\u00e9riques sans compromettre la [&hellip;]<\/p>\n","protected":false},"featured_media":2537,"comment_status":"open","ping_status":"closed","template":"","meta":[],"product_cat":[145],"product_tag":[],"acf":[],"_links":{"self":[{"href":"https:\/\/www.xpcmontreal.com\/fr\/wp-json\/wp\/v2\/product\/2535"}],"collection":[{"href":"https:\/\/www.xpcmontreal.com\/fr\/wp-json\/wp\/v2\/product"}],"about":[{"href":"https:\/\/www.xpcmontreal.com\/fr\/wp-json\/wp\/v2\/types\/product"}],"replies":[{"embeddable":true,"href":"https:\/\/www.xpcmontreal.com\/fr\/wp-json\/wp\/v2\/comments?post=2535"}],"wp:featuredmedia":[{"embeddable":true,"href":"https:\/\/www.xpcmontreal.com\/fr\/wp-json\/wp\/v2\/media\/2537"}],"wp:attachment":[{"href":"https:\/\/www.xpcmontreal.com\/fr\/wp-json\/wp\/v2\/media?parent=2535"}],"wp:term":[{"taxonomy":"product_cat","embeddable":true,"href":"https:\/\/www.xpcmontreal.com\/fr\/wp-json\/wp\/v2\/product_cat?post=2535"},{"taxonomy":"product_tag","embeddable":true,"href":"https:\/\/www.xpcmontreal.com\/fr\/wp-json\/wp\/v2\/product_tag?post=2535"}],"curies":[{"name":"wp","href":"https:\/\/api.w.org\/{rel}","templated":true}]}}