{"id":2613,"date":"2025-11-28T20:14:31","date_gmt":"2025-11-28T20:14:31","guid":{"rendered":"https:\/\/www.xpcmontreal.com\/?post_type=product&#038;p=2613"},"modified":"2025-11-28T20:18:07","modified_gmt":"2025-11-28T20:18:07","slug":"dell-latitude-5510","status":"publish","type":"product","link":"https:\/\/www.xpcmontreal.com\/fr\/produit\/dell-latitude-5510\/","title":{"rendered":"DELL LATITUDE 5510"},"content":{"rendered":"<p>Moniteur: 15\u2033<br \/>\nCarte vid\u00e9o: Intel UHD<br \/>\nR\u00e9solution: 1920\u00d71080<br \/>\nLecteur optique: non<br \/>\nWi-Fi: Oui<br \/>\nChargeur: Inclus<br \/>\nSyst\u00e8me d\u2019op\u00e9ration: Windows 11 Pro<br \/>\n\u00c9tat cosm\u00e9tique: A<br \/>\nCondition: Usag\u00e9<br \/>\nGarantie: 90 jours<br \/>\nConnexion HDMI : oui<br \/>\nConnexion USB-C: oui<\/p>\n","protected":false},"excerpt":{"rendered":"<p>Moniteur: 15\u2033 Carte vid\u00e9o: Intel UHD R\u00e9solution: 1920\u00d71080 Lecteur optique: non Wi-Fi: Oui Chargeur: Inclus Syst\u00e8me d\u2019op\u00e9ration: Windows 11 Pro \u00c9tat cosm\u00e9tique: A Condition: Usag\u00e9 Garantie: 90 jours Connexion HDMI : oui Connexion USB-C: oui<\/p>\n","protected":false},"featured_media":2615,"comment_status":"open","ping_status":"closed","template":"","meta":[],"product_cat":[139],"product_tag":[],"acf":[],"_links":{"self":[{"href":"https:\/\/www.xpcmontreal.com\/fr\/wp-json\/wp\/v2\/product\/2613"}],"collection":[{"href":"https:\/\/www.xpcmontreal.com\/fr\/wp-json\/wp\/v2\/product"}],"about":[{"href":"https:\/\/www.xpcmontreal.com\/fr\/wp-json\/wp\/v2\/types\/product"}],"replies":[{"embeddable":true,"href":"https:\/\/www.xpcmontreal.com\/fr\/wp-json\/wp\/v2\/comments?post=2613"}],"wp:featuredmedia":[{"embeddable":true,"href":"https:\/\/www.xpcmontreal.com\/fr\/wp-json\/wp\/v2\/media\/2615"}],"wp:attachment":[{"href":"https:\/\/www.xpcmontreal.com\/fr\/wp-json\/wp\/v2\/media?parent=2613"}],"wp:term":[{"taxonomy":"product_cat","embeddable":true,"href":"https:\/\/www.xpcmontreal.com\/fr\/wp-json\/wp\/v2\/product_cat?post=2613"},{"taxonomy":"product_tag","embeddable":true,"href":"https:\/\/www.xpcmontreal.com\/fr\/wp-json\/wp\/v2\/product_tag?post=2613"}],"curies":[{"name":"wp","href":"https:\/\/api.w.org\/{rel}","templated":true}]}}