{"id":2647,"date":"2026-01-07T19:50:05","date_gmt":"2026-01-07T19:50:05","guid":{"rendered":"https:\/\/www.xpcmontreal.com\/?post_type=product&#038;p=2647"},"modified":"2026-04-14T15:27:10","modified_gmt":"2026-04-14T15:27:10","slug":"macbook-pro-m2-16gb","status":"publish","type":"product","link":"https:\/\/www.xpcmontreal.com\/fr\/produit\/macbook-pro-m2-16gb\/","title":{"rendered":"MACBOOK PRO M2 (16GB)"},"content":{"rendered":"<p>Moniteur: 13 pouces<br \/>\nCarte vid\u00e9o: 10 coeurs GPU<br \/>\nR\u00e9solution: Retina<br \/>\nLecteur optique: non<br \/>\nWi-Fi: Oui<br \/>\nAnn\u00e9e: 2022<br \/>\nSyst\u00e8me d\u2019op\u00e9ration: macOS 15 Sequoia<br \/>\n\u00c9tat cosm\u00e9tique: A<br \/>\nCondition: Reconditionn\u00e9<br \/>\nGarantie: 90 jours<\/p>\n","protected":false},"excerpt":{"rendered":"<p>Moniteur: 13 pouces Carte vid\u00e9o: 10 coeurs GPU R\u00e9solution: Retina Lecteur optique: non Wi-Fi: Oui Ann\u00e9e: 2022 Syst\u00e8me d\u2019op\u00e9ration: macOS 15 Sequoia \u00c9tat cosm\u00e9tique: A Condition: Reconditionn\u00e9 Garantie: 90 jours<\/p>\n","protected":false},"featured_media":2408,"comment_status":"open","ping_status":"closed","template":"","meta":[],"product_cat":[146],"product_tag":[],"acf":[],"_links":{"self":[{"href":"https:\/\/www.xpcmontreal.com\/fr\/wp-json\/wp\/v2\/product\/2647"}],"collection":[{"href":"https:\/\/www.xpcmontreal.com\/fr\/wp-json\/wp\/v2\/product"}],"about":[{"href":"https:\/\/www.xpcmontreal.com\/fr\/wp-json\/wp\/v2\/types\/product"}],"replies":[{"embeddable":true,"href":"https:\/\/www.xpcmontreal.com\/fr\/wp-json\/wp\/v2\/comments?post=2647"}],"wp:featuredmedia":[{"embeddable":true,"href":"https:\/\/www.xpcmontreal.com\/fr\/wp-json\/wp\/v2\/media\/2408"}],"wp:attachment":[{"href":"https:\/\/www.xpcmontreal.com\/fr\/wp-json\/wp\/v2\/media?parent=2647"}],"wp:term":[{"taxonomy":"product_cat","embeddable":true,"href":"https:\/\/www.xpcmontreal.com\/fr\/wp-json\/wp\/v2\/product_cat?post=2647"},{"taxonomy":"product_tag","embeddable":true,"href":"https:\/\/www.xpcmontreal.com\/fr\/wp-json\/wp\/v2\/product_tag?post=2647"}],"curies":[{"name":"wp","href":"https:\/\/api.w.org\/{rel}","templated":true}]}}