{"id":2678,"date":"2026-03-31T20:18:37","date_gmt":"2026-03-31T20:18:37","guid":{"rendered":"https:\/\/www.xpcmontreal.com\/?post_type=product&#038;p=2678"},"modified":"2026-03-31T20:20:09","modified_gmt":"2026-03-31T20:20:09","slug":"macbook-pro-16-m1-pro-1to","status":"publish","type":"product","link":"https:\/\/www.xpcmontreal.com\/fr\/produit\/macbook-pro-16-m1-pro-1to\/","title":{"rendered":"MACBOOK PRO 16&Prime; M1 PRO (1To)"},"content":{"rendered":"<p>\u00c9cran: 16 pouces<br \/>\nCarte vid\u00e9o: 16 coeurs graphiques<br \/>\nR\u00e9solution: Retina<br \/>\nLecteur optique: non<br \/>\nWi-Fi: oui<br \/>\nAnn\u00e9e: 2021<br \/>\nSyst\u00e8me d&rsquo;exploitation: macOS 26 Tahoe<br \/>\n\u00c9tat cosm\u00e9tique: A<br \/>\nCondition: r\u00e9usin\u00e9<br \/>\nGarantie: 90 jours<\/p>\n","protected":false},"excerpt":{"rendered":"<p>\u00c9cran: 16 pouces Carte vid\u00e9o: 16 coeurs graphiques R\u00e9solution: Retina Lecteur optique: non Wi-Fi: oui Ann\u00e9e: 2021 Syst\u00e8me d&rsquo;exploitation: macOS 26 Tahoe \u00c9tat cosm\u00e9tique: A Condition: r\u00e9usin\u00e9 Garantie: 90 jours<\/p>\n","protected":false},"featured_media":2455,"comment_status":"open","ping_status":"closed","template":"","meta":[],"product_cat":[146],"product_tag":[],"acf":[],"_links":{"self":[{"href":"https:\/\/www.xpcmontreal.com\/fr\/wp-json\/wp\/v2\/product\/2678"}],"collection":[{"href":"https:\/\/www.xpcmontreal.com\/fr\/wp-json\/wp\/v2\/product"}],"about":[{"href":"https:\/\/www.xpcmontreal.com\/fr\/wp-json\/wp\/v2\/types\/product"}],"replies":[{"embeddable":true,"href":"https:\/\/www.xpcmontreal.com\/fr\/wp-json\/wp\/v2\/comments?post=2678"}],"wp:featuredmedia":[{"embeddable":true,"href":"https:\/\/www.xpcmontreal.com\/fr\/wp-json\/wp\/v2\/media\/2455"}],"wp:attachment":[{"href":"https:\/\/www.xpcmontreal.com\/fr\/wp-json\/wp\/v2\/media?parent=2678"}],"wp:term":[{"taxonomy":"product_cat","embeddable":true,"href":"https:\/\/www.xpcmontreal.com\/fr\/wp-json\/wp\/v2\/product_cat?post=2678"},{"taxonomy":"product_tag","embeddable":true,"href":"https:\/\/www.xpcmontreal.com\/fr\/wp-json\/wp\/v2\/product_tag?post=2678"}],"curies":[{"name":"wp","href":"https:\/\/api.w.org\/{rel}","templated":true}]}}