{"id":2680,"date":"2026-03-31T20:46:19","date_gmt":"2026-03-31T20:46:20","guid":{"rendered":"https:\/\/www.xpcmontreal.com\/?post_type=product&#038;p=2680"},"modified":"2026-03-31T20:48:49","modified_gmt":"2026-03-31T20:48:49","slug":"imac-24%e2%80%b3-m1-2021","status":"publish","type":"product","link":"https:\/\/www.xpcmontreal.com\/fr\/produit\/imac-24%e2%80%b3-m1-2021\/","title":{"rendered":"IMAC 24\u2033 M1 2021"},"content":{"rendered":"<p>\u00c9cran: 24\u2033<br \/>\nCarte vid\u00e9o: 7 coeurs GPU<br \/>\nR\u00e9solution: 4480\u00d72520<br \/>\nLecteur optique: non<br \/>\nWi-Fi: Oui + Ethernet<br \/>\nAnn\u00e9e: 2021<br \/>\nSyst\u00e8me d\u2019op\u00e9ration: macOS 26 Tahoe<br \/>\n\u00c9tat cosm\u00e9tique: A<br \/>\nCondition: Usag\u00e9<br \/>\nGarantie: 90 jours<\/p>\n","protected":false},"excerpt":{"rendered":"<p>\u00c9cran: 24\u2033 Carte vid\u00e9o: 7 coeurs GPU R\u00e9solution: 4480\u00d72520 Lecteur optique: non Wi-Fi: Oui + Ethernet Ann\u00e9e: 2021 Syst\u00e8me d\u2019op\u00e9ration: macOS 26 Tahoe \u00c9tat cosm\u00e9tique: A Condition: Usag\u00e9 Garantie: 90 jours<\/p>\n","protected":false},"featured_media":2465,"comment_status":"open","ping_status":"closed","template":"","meta":[],"product_cat":[146],"product_tag":[],"acf":[],"_links":{"self":[{"href":"https:\/\/www.xpcmontreal.com\/fr\/wp-json\/wp\/v2\/product\/2680"}],"collection":[{"href":"https:\/\/www.xpcmontreal.com\/fr\/wp-json\/wp\/v2\/product"}],"about":[{"href":"https:\/\/www.xpcmontreal.com\/fr\/wp-json\/wp\/v2\/types\/product"}],"replies":[{"embeddable":true,"href":"https:\/\/www.xpcmontreal.com\/fr\/wp-json\/wp\/v2\/comments?post=2680"}],"wp:featuredmedia":[{"embeddable":true,"href":"https:\/\/www.xpcmontreal.com\/fr\/wp-json\/wp\/v2\/media\/2465"}],"wp:attachment":[{"href":"https:\/\/www.xpcmontreal.com\/fr\/wp-json\/wp\/v2\/media?parent=2680"}],"wp:term":[{"taxonomy":"product_cat","embeddable":true,"href":"https:\/\/www.xpcmontreal.com\/fr\/wp-json\/wp\/v2\/product_cat?post=2680"},{"taxonomy":"product_tag","embeddable":true,"href":"https:\/\/www.xpcmontreal.com\/fr\/wp-json\/wp\/v2\/product_tag?post=2680"}],"curies":[{"name":"wp","href":"https:\/\/api.w.org\/{rel}","templated":true}]}}